{"id":177391,"date":"2022-05-18T10:08:52","date_gmt":"2022-05-18T08:08:52","guid":{"rendered":"https:\/\/congressi.museonicolis.com\/richiedi-brochure\/"},"modified":"2022-07-06T10:57:27","modified_gmt":"2022-07-06T08:57:27","slug":"broschuere","status":"publish","type":"page","link":"https:\/\/congressi.museonicolis.com\/de\/broschuere\/","title":{"rendered":"Brosch\u00fcre"},"content":{"rendered":"<p>[vc_row][vc_column][\/vc_column][\/vc_row][vc_row][vc_column]<div class=\"eltdf-section-title-holder  \" style=\"text-align: left\">\n\t<div class=\"eltdf-st-inner\">\n\t\t\t\t\t\t\t<h2 class=\"eltdf-st-title\" style=\"color: #d20a10\">\n\t\t\t\tDOWNLOADEN SIE UNSERE BROSCH\u00dcRE \t\t\t\t\t\t\t<\/h2>\n\t\t\t\t\t\t\t<h3  class=\"eltdf-st-subtitle\" style=\"text-transform: none\">\n\t\t\t\t<span>\n\t\t\t\t\tMuseo Nicolis ist eine stilvolle Location, perfekt f\u00fcr jede Events.\t\t\t\t\t\t\t\t\t<\/span>\n\t\t\t<\/h3 >\n\t\t\t\t\t\t\t<\/div>\n<\/div>[vc_empty_space height=&#8220;50px&#8220;][\/vc_column][\/vc_row][vc_row][vc_column]\n                <div class='gf_browser_gecko gform_wrapper gform_legacy_markup_wrapper' id='gform_wrapper_1' >\n                        <div class='gform_heading'>\n                            <h3 class=\"gform_title\">Brosch\u00fcre anfordern<\/h3>\n                            <span class='gform_description'><\/span>\n                        <\/div><form method='post' enctype='multipart\/form-data'  id='gform_1'  action='\/de\/wp-json\/wp\/v2\/pages\/177391' novalidate>\n                        <div class='gform_body gform-body'><ul id='gform_fields_1' class='gform_fields top_label form_sublabel_below description_below'><li id=\"field_1_1\" class=\"gfield gfield_contains_required field_sublabel_hidden_label field_description_below gfield_visibility_visible\" ><label class='gfield_label gfield_label_before_complex'  >Vorname<span class=\"gfield_required\"><span class=\"gfield_required gfield_required_asterisk\">*<\/span><\/span><\/label><div class='ginput_complex ginput_container no_prefix has_first_name no_middle_name has_last_name no_suffix gf_name_has_2 ginput_container_name' id='input_1_1'>\n                            \n                            <span id='input_1_1_3_container' class='name_first' >\n                                                    <input type='text' name='input_1.3' id='input_1_1_3' value='' aria-label='First name'   aria-required='true'   placeholder='Vorname'  \/>\n                                                    <label for='input_1_1_3' class='hidden_sub_label screen-reader-text'>First<\/label>\n                                                <\/span>\n                            \n                            <span id='input_1_1_6_container' class='name_last' >\n                                                    <input type='text' name='input_1.6' id='input_1_1_6' value='' aria-label='Last name'   aria-required='true'   placeholder='Nachname'  \/>\n                                                    <label for='input_1_1_6' class='hidden_sub_label screen-reader-text'>Last<\/label>\n                                                <\/span>\n                            \n                        <\/div><\/li><li id=\"field_1_4\" class=\"gfield gfield_contains_required field_sublabel_below field_description_below gfield_visibility_visible\" ><label class='gfield_label' for='input_1_4' >Email<span class=\"gfield_required\"><span class=\"gfield_required gfield_required_asterisk\">*<\/span><\/span><\/label><div class='ginput_container ginput_container_email'>\n                            <input name='input_4' id='input_1_4' type='email' value='' class='medium'    aria-required=\"true\" aria-invalid=\"false\"  \/>\n                        <\/div><\/li><li id=\"field_1_3\" class=\"gfield gfield_contains_required field_sublabel_below field_description_below gfield_visibility_visible\" ><label class='gfield_label' for='input_1_3' >Telefon<span class=\"gfield_required\"><span class=\"gfield_required gfield_required_asterisk\">*<\/span><\/span><\/label><div class='ginput_container ginput_container_phone'><input name='input_3' id='input_1_3' type='tel' value='' class='medium'   aria-required=\"true\" aria-invalid=\"false\"   \/><\/div><\/li><li id=\"field_1_2\" class=\"gfield field_sublabel_below field_description_below gfield_visibility_visible\" ><label class='gfield_label' for='input_1_2' >Agentur<\/label><div class='ginput_container ginput_container_text'><input name='input_2' id='input_1_2' type='text' value='' class='medium'      aria-invalid=\"false\"   \/> <\/div><\/li><li id=\"field_1_9\" class=\"gfield field_sublabel_below field_description_below gfield_visibility_visible\" ><label class='gfield_label' for='input_1_9' >Gesch\u00e4ftsrolle<\/label><div class='ginput_container ginput_container_text'><input name='input_9' id='input_1_9' type='text' value='' class='medium'      aria-invalid=\"false\"   \/> <\/div><\/li><li id=\"field_1_8\" class=\"gfield gfield_contains_required field_sublabel_below field_description_below gfield_visibility_visible\" ><label class='gfield_label gfield_label_before_complex'  >Datenschutz<span class=\"gfield_required\"><span class=\"gfield_required gfield_required_asterisk\">*<\/span><\/span><\/label><div class='ginput_container ginput_container_checkbox'><ul class='gfield_checkbox' id='input_1_8'><li class='gchoice gchoice_1_8_1'>\n\t\t\t\t\t\t\t\t<input class='gfield-choice-input' name='input_8.1' type='checkbox'  value='Ich habe die &lt;a href=&quot;http:\/\/www.museonicolis.com\/privacy-policy\/&quot;&gt;Datenschutzerkl\u00e4rung&lt;\/a&gt;\u00a0gelesen und akzeptiere diese.'  id='choice_1_8_1'   \/>\n\t\t\t\t\t\t\t\t<label for='choice_1_8_1' id='label_1_8_1'>Ich habe die <a href=\"http:\/\/www.museonicolis.com\/privacy-policy\/\">Datenschutzerkl\u00e4rung<\/a>\u00a0gelesen und akzeptiere diese.<\/label>\n\t\t\t\t\t\t\t<\/li><\/ul><\/div><\/li><li id=\"field_1_11\" class=\"gfield gfield_html gfield_html_formatted gfield_no_follows_desc field_sublabel_below field_description_below gfield_visibility_visible\" >Museo Nicolis verpflichtet sich, die Privatsph\u00e4re der Benutzer zu sch\u00fctzen und zu respektieren: Die gesammelten pers\u00f6nlichen Daten werden nur zur Verwaltung der Konten und zur Bereitstellung der angeforderten Produkte und Dienstleistungen verwendet. Benutzer k\u00f6nnen mit Vorschl\u00e4gen zu Produkten, Dienstleistungen oder anderen Inhalten in Kontakt treten, von denen wir glauben, dass sie f\u00fcr sie von Interesse sein k\u00f6nnten. Wenn Sie zu diesem Zweck kontaktiert werden m\u00f6chten, w\u00e4hlen Sie bitte eine der folgenden Kontaktm\u00f6glichkeiten:<\/li><li id=\"field_1_10\" class=\"gfield field_sublabel_below field_description_below gfield_visibility_visible\" ><label class='gfield_label'  >Zustimmung zum Erhalt von Mitteilungen<\/label><div class='ginput_container ginput_container_radio'><ul class='gfield_radio' id='input_1_10'>\n\t\t\t<li class='gchoice gchoice_1_10_0'>\n\t\t\t\t<input name='input_10' type='radio' value='Ich nehme an'  id='choice_1_10_0'    \/>\n\t\t\t\t<label for='choice_1_10_0' id='label_1_10_0'>Ich nehme an<\/label>\n\t\t\t<\/li>\n\t\t\t<li class='gchoice gchoice_1_10_1'>\n\t\t\t\t<input name='input_10' type='radio' value='Ich akzeptiere nicht'  id='choice_1_10_1'    \/>\n\t\t\t\t<label for='choice_1_10_1' id='label_1_10_1'>Ich akzeptiere nicht<\/label>\n\t\t\t<\/li><\/ul><\/div><\/li><li id=\"field_1_12\" class=\"gfield field_sublabel_below field_description_below gfield_visibility_visible\" ><label class='gfield_label'  >Ich stimme zu, andere Benachrichtigungen von Museo Nicolis zu erhalten<\/label><div class='ginput_container ginput_container_radio'><ul class='gfield_radio' id='input_1_12'>\n\t\t\t<li class='gchoice gchoice_1_12_0'>\n\t\t\t\t<input name='input_12' type='radio' value='Ich nehme an'  id='choice_1_12_0'    \/>\n\t\t\t\t<label for='choice_1_12_0' id='label_1_12_0'>Ich nehme an<\/label>\n\t\t\t<\/li>\n\t\t\t<li class='gchoice gchoice_1_12_1'>\n\t\t\t\t<input name='input_12' type='radio' value='Ich akzeptiere nicht'  id='choice_1_12_1'    \/>\n\t\t\t\t<label for='choice_1_12_1' id='label_1_12_1'>Ich akzeptiere nicht<\/label>\n\t\t\t<\/li><\/ul><\/div><\/li><\/ul><\/div>\n        <div class='gform_footer top_label'> <input type='submit' id='gform_submit_button_1' class='gform_button button' value='Senden'  onclick='if(window[\"gf_submitting_1\"]){return false;}  if( !jQuery(\"#gform_1\")[0].checkValidity || jQuery(\"#gform_1\")[0].checkValidity()){window[\"gf_submitting_1\"]=true;}  ' onkeypress='if( event.keyCode == 13 ){ if(window[\"gf_submitting_1\"]){return false;} if( !jQuery(\"#gform_1\")[0].checkValidity || jQuery(\"#gform_1\")[0].checkValidity()){window[\"gf_submitting_1\"]=true;}  jQuery(\"#gform_1\").trigger(\"submit\",[true]); }' \/> \n            <input type='hidden' class='gform_hidden' name='is_submit_1' value='1' \/>\n            <input type='hidden' class='gform_hidden' name='gform_submit' value='1' \/>\n            \n            <input type='hidden' class='gform_hidden' name='gform_unique_id' value='' \/>\n            <input type='hidden' class='gform_hidden' name='state_1' value='WyJbXSIsImZkOTM5MjlkMzllOTE5MmQyNmIyZmQ0NGVjYTFjY2Y1Il0=' \/>\n            <input type='hidden' class='gform_hidden' name='gform_target_page_number_1' id='gform_target_page_number_1' value='0' \/>\n            <input type='hidden' class='gform_hidden' name='gform_source_page_number_1' id='gform_source_page_number_1' value='1' \/>\n            <input type='hidden' name='gform_field_values' value='' \/>\n            \n        <\/div>\n                        <\/form>\n                        <\/div>[\/vc_column][\/vc_row][vc_row][vc_column][vc_column_text]<\/p>\n<p>&nbsp;<\/p>\n<p>[\/vc_column_text][\/vc_column][\/vc_row]<\/p>\n","protected":false},"excerpt":{"rendered":"<p>[vc_row][vc_column][\/vc_column][\/vc_row][vc_row][vc_column][vc_empty_space height=&#8220;50px&#8220;][\/vc_column][\/vc_row][vc_row][vc_column][\/vc_column][\/vc_row][vc_row][vc_column][vc_column_text] &nbsp; [\/vc_column_text][\/vc_column][\/vc_row]<\/p>\n","protected":false},"author":1,"featured_media":0,"parent":0,"menu_order":0,"comment_status":"closed","ping_status":"closed","template":"","meta":{"om_disable_all_campaigns":false},"yoast_head":"<!-- This site is optimized with the Yoast SEO plugin v18.9 - https:\/\/yoast.com\/wordpress\/plugins\/seo\/ -->\n<title>Brosch\u00fcre - Centro Congressi Museo Nicolis<\/title>\n<meta name=\"robots\" content=\"index, follow, max-snippet:-1, max-image-preview:large, max-video-preview:-1\" \/>\n<link rel=\"canonical\" href=\"https:\/\/congressi.museonicolis.com\/de\/broschuere\/\" \/>\n<meta property=\"og:locale\" content=\"de_DE\" \/>\n<meta property=\"og:type\" content=\"article\" \/>\n<meta property=\"og:title\" content=\"Brosch\u00fcre - Centro Congressi Museo Nicolis\" \/>\n<meta property=\"og:description\" content=\"[vc_row][vc_column][\/vc_column][\/vc_row][vc_row][vc_column][vc_empty_space height=&#8220;50px&#8220;][\/vc_column][\/vc_row][vc_row][vc_column][\/vc_column][\/vc_row][vc_row][vc_column][vc_column_text] &nbsp; [\/vc_column_text][\/vc_column][\/vc_row]\" \/>\n<meta property=\"og:url\" content=\"https:\/\/congressi.museonicolis.com\/de\/broschuere\/\" \/>\n<meta property=\"og:site_name\" content=\"Centro Congressi Museo Nicolis\" \/>\n<meta property=\"article:modified_time\" content=\"2022-07-06T08:57:27+00:00\" \/>\n<meta name=\"twitter:card\" content=\"summary_large_image\" \/>\n<meta name=\"twitter:label1\" content=\"Gesch\u00e4tzte Lesezeit\" \/>\n\t<meta name=\"twitter:data1\" content=\"1\u00a0Minute\" \/>\n<script type=\"application\/ld+json\" class=\"yoast-schema-graph\">{\"@context\":\"https:\/\/schema.org\",\"@graph\":[{\"@type\":\"WebSite\",\"@id\":\"https:\/\/congressi.museonicolis.com\/#website\",\"url\":\"https:\/\/congressi.museonicolis.com\/\",\"name\":\"Centro Congressi Museo Nicolis\",\"description\":\"Eventi su misura per il tuo business\",\"potentialAction\":[{\"@type\":\"SearchAction\",\"target\":{\"@type\":\"EntryPoint\",\"urlTemplate\":\"https:\/\/congressi.museonicolis.com\/?s={search_term_string}\"},\"query-input\":\"required name=search_term_string\"}],\"inLanguage\":\"de\"},{\"@type\":\"WebPage\",\"@id\":\"https:\/\/congressi.museonicolis.com\/de\/broschuere\/#webpage\",\"url\":\"https:\/\/congressi.museonicolis.com\/de\/broschuere\/\",\"name\":\"Brosch\u00fcre - Centro Congressi Museo Nicolis\",\"isPartOf\":{\"@id\":\"https:\/\/congressi.museonicolis.com\/#website\"},\"datePublished\":\"2022-05-18T08:08:52+00:00\",\"dateModified\":\"2022-07-06T08:57:27+00:00\",\"breadcrumb\":{\"@id\":\"https:\/\/congressi.museonicolis.com\/de\/broschuere\/#breadcrumb\"},\"inLanguage\":\"de\",\"potentialAction\":[{\"@type\":\"ReadAction\",\"target\":[\"https:\/\/congressi.museonicolis.com\/de\/broschuere\/\"]}]},{\"@type\":\"BreadcrumbList\",\"@id\":\"https:\/\/congressi.museonicolis.com\/de\/broschuere\/#breadcrumb\",\"itemListElement\":[{\"@type\":\"ListItem\",\"position\":1,\"name\":\"Home\",\"item\":\"https:\/\/congressi.museonicolis.com\/de\/\"},{\"@type\":\"ListItem\",\"position\":2,\"name\":\"Brosch\u00fcre\"}]}]}<\/script>\n<!-- \/ Yoast SEO plugin. -->","yoast_head_json":{"title":"Brosch\u00fcre - Centro Congressi Museo Nicolis","robots":{"index":"index","follow":"follow","max-snippet":"max-snippet:-1","max-image-preview":"max-image-preview:large","max-video-preview":"max-video-preview:-1"},"canonical":"https:\/\/congressi.museonicolis.com\/de\/broschuere\/","og_locale":"de_DE","og_type":"article","og_title":"Brosch\u00fcre - Centro Congressi Museo Nicolis","og_description":"[vc_row][vc_column][\/vc_column][\/vc_row][vc_row][vc_column][vc_empty_space height=&#8220;50px&#8220;][\/vc_column][\/vc_row][vc_row][vc_column][\/vc_column][\/vc_row][vc_row][vc_column][vc_column_text] &nbsp; [\/vc_column_text][\/vc_column][\/vc_row]","og_url":"https:\/\/congressi.museonicolis.com\/de\/broschuere\/","og_site_name":"Centro Congressi Museo Nicolis","article_modified_time":"2022-07-06T08:57:27+00:00","twitter_card":"summary_large_image","twitter_misc":{"Gesch\u00e4tzte Lesezeit":"1\u00a0Minute"},"schema":{"@context":"https:\/\/schema.org","@graph":[{"@type":"WebSite","@id":"https:\/\/congressi.museonicolis.com\/#website","url":"https:\/\/congressi.museonicolis.com\/","name":"Centro Congressi Museo Nicolis","description":"Eventi su misura per il tuo business","potentialAction":[{"@type":"SearchAction","target":{"@type":"EntryPoint","urlTemplate":"https:\/\/congressi.museonicolis.com\/?s={search_term_string}"},"query-input":"required name=search_term_string"}],"inLanguage":"de"},{"@type":"WebPage","@id":"https:\/\/congressi.museonicolis.com\/de\/broschuere\/#webpage","url":"https:\/\/congressi.museonicolis.com\/de\/broschuere\/","name":"Brosch\u00fcre - Centro Congressi Museo Nicolis","isPartOf":{"@id":"https:\/\/congressi.museonicolis.com\/#website"},"datePublished":"2022-05-18T08:08:52+00:00","dateModified":"2022-07-06T08:57:27+00:00","breadcrumb":{"@id":"https:\/\/congressi.museonicolis.com\/de\/broschuere\/#breadcrumb"},"inLanguage":"de","potentialAction":[{"@type":"ReadAction","target":["https:\/\/congressi.museonicolis.com\/de\/broschuere\/"]}]},{"@type":"BreadcrumbList","@id":"https:\/\/congressi.museonicolis.com\/de\/broschuere\/#breadcrumb","itemListElement":[{"@type":"ListItem","position":1,"name":"Home","item":"https:\/\/congressi.museonicolis.com\/de\/"},{"@type":"ListItem","position":2,"name":"Brosch\u00fcre"}]}]}},"_links":{"self":[{"href":"https:\/\/congressi.museonicolis.com\/de\/wp-json\/wp\/v2\/pages\/177391"}],"collection":[{"href":"https:\/\/congressi.museonicolis.com\/de\/wp-json\/wp\/v2\/pages"}],"about":[{"href":"https:\/\/congressi.museonicolis.com\/de\/wp-json\/wp\/v2\/types\/page"}],"author":[{"embeddable":true,"href":"https:\/\/congressi.museonicolis.com\/de\/wp-json\/wp\/v2\/users\/1"}],"replies":[{"embeddable":true,"href":"https:\/\/congressi.museonicolis.com\/de\/wp-json\/wp\/v2\/comments?post=177391"}],"version-history":[{"count":1,"href":"https:\/\/congressi.museonicolis.com\/de\/wp-json\/wp\/v2\/pages\/177391\/revisions"}],"predecessor-version":[{"id":177393,"href":"https:\/\/congressi.museonicolis.com\/de\/wp-json\/wp\/v2\/pages\/177391\/revisions\/177393"}],"wp:attachment":[{"href":"https:\/\/congressi.museonicolis.com\/de\/wp-json\/wp\/v2\/media?parent=177391"}],"curies":[{"name":"wp","href":"https:\/\/api.w.org\/{rel}","templated":true}]}}